{"id":26,"date":"2019-12-28T09:00:17","date_gmt":"2019-12-28T08:00:17","guid":{"rendered":"http:\/\/www.talu.hu\/?page_id=26"},"modified":"2020-02-09T11:05:16","modified_gmt":"2020-02-09T10:05:16","slug":"bemutatkozas","status":"publish","type":"page","link":"https:\/\/www.talu.hu\/","title":{"rendered":"Bemutatkoz\u00e1s"},"content":{"rendered":"<div id=\"pl-26\"  class=\"panel-layout\" ><div id=\"pg-26-0\"  class=\"panel-grid panel-no-style\" ><div id=\"pgc-26-0-0\"  class=\"panel-grid-cell\" ><div class=\"panel-cell-style panel-cell-style-for-26-0-0\" ><div id=\"panel-26-0-0-0\" class=\"so-panel widget widget_sow-editor panel-first-child\" data-index=\"0\" ><div\n\t\t\t\n\t\t\tclass=\"so-widget-sow-editor so-widget-sow-editor-base\"\n\t\t\t\n\t\t>\n<div class=\"siteorigin-widget-tinymce textwidget\">\n\t<h1><em><strong>Szem\u00e9lyes<\/strong><\/em><\/h1>\n<p>&nbsp;<\/p>\n<\/div>\n<\/div><\/div><div id=\"panel-26-0-0-1\" class=\"so-panel widget widget_sow-editor\" data-index=\"1\" ><div\n\t\t\t\n\t\t\tclass=\"so-widget-sow-editor so-widget-sow-editor-base\"\n\t\t\t\n\t\t><h3 class=\"widget-title\">Iskol\u00e1k<\/h3>\n<div class=\"siteorigin-widget-tinymce textwidget\">\n\t<p>Lorem ipsum dolor sit amet, consectetur adipiscing elit. Etiam commodo facilisis ante, vel mattis risus suscipit efficitur. Curabitur gravida urna justo, ut pulvinar nisl dictum ac. Praesent porta libero sed nibh iaculis vehicula.<\/p>\n<\/div>\n<\/div><\/div><div id=\"panel-26-0-0-2\" class=\"so-panel widget widget_sow-editor\" data-index=\"2\" ><div\n\t\t\t\n\t\t\tclass=\"so-widget-sow-editor so-widget-sow-editor-base\"\n\t\t\t\n\t\t><h3 class=\"widget-title\">V\u00e9gzetts\u00e9gek<\/h3>\n<div class=\"siteorigin-widget-tinymce textwidget\">\n\t<p>Lorem ipsum dolor sit amet, consectetur adipiscing elit. Etiam commodo facilisis ante, vel mattis risus suscipit efficitur. Curabitur gravida urna justo, ut pulvinar nisl dictum ac. Praesent porta libero sed nibh iaculis vehicula.<\/p>\n<\/div>\n<\/div><\/div><div id=\"panel-26-0-0-3\" class=\"so-panel widget widget_sow-editor panel-last-child\" data-index=\"3\" ><div\n\t\t\t\n\t\t\tclass=\"so-widget-sow-editor so-widget-sow-editor-base\"\n\t\t\t\n\t\t><h3 class=\"widget-title\">Kamar\u00e1k<\/h3>\n<div class=\"siteorigin-widget-tinymce textwidget\">\n\t<p>Lorem ipsum dolor sit amet, consectetur adipiscing elit. Etiam commodo facilisis ante, vel mattis risus suscipit efficitur. Curabitur gravida urna justo, ut pulvinar nisl dictum ac. Praesent porta libero sed nibh iaculis vehicula.<\/p>\n<\/div>\n<\/div><\/div><\/div><\/div><div id=\"pgc-26-0-1\"  class=\"panel-grid-cell\" ><div class=\"panel-cell-style panel-cell-style-for-26-0-1\" ><div id=\"panel-26-0-1-0\" class=\"so-panel widget widget_sow-editor panel-first-child\" data-index=\"4\" ><div\n\t\t\t\n\t\t\tclass=\"so-widget-sow-editor so-widget-sow-editor-base\"\n\t\t\t\n\t\t>\n<div class=\"siteorigin-widget-tinymce textwidget\">\n\t<h1><em><strong>C\u00e9ges<\/strong><\/em><\/h1>\n<p>&nbsp;<\/p>\n<\/div>\n<\/div><\/div><div id=\"panel-26-0-1-1\" class=\"so-panel widget widget_sow-editor\" data-index=\"5\" ><div\n\t\t\t\n\t\t\tclass=\"so-widget-sow-editor so-widget-sow-editor-base\"\n\t\t\t\n\t\t><h3 class=\"widget-title\">Eddigi tev\u00e9kenys\u00e9gek<\/h3>\n<div class=\"siteorigin-widget-tinymce textwidget\">\n\t<p>Lorem ipsum dolor sit amet, consectetur adipiscing elit. Etiam commodo facilisis ante, vel mattis risus suscipit efficitur. Curabitur gravida urna justo, ut pulvinar nisl dictum ac. Praesent porta libero sed nibh iaculis vehicula.<\/p>\n<\/div>\n<\/div><\/div><div id=\"panel-26-0-1-2\" class=\"so-panel widget widget_sow-editor\" data-index=\"6\" ><div\n\t\t\t\n\t\t\tclass=\"so-widget-sow-editor so-widget-sow-editor-base\"\n\t\t\t\n\t\t><h3 class=\"widget-title\">\u00c1llami alk.<\/h3>\n<div class=\"siteorigin-widget-tinymce textwidget\">\n\t<p>Lorem ipsum dolor sit amet, consectetur adipiscing elit. Etiam commodo facilisis ante, vel mattis risus suscipit efficitur. Curabitur gravida urna justo, ut pulvinar nisl dictum ac. Praesent porta libero sed nibh iaculis vehicula.<\/p>\n<\/div>\n<\/div><\/div><div id=\"panel-26-0-1-3\" class=\"so-panel widget widget_sow-editor\" data-index=\"7\" ><div\n\t\t\t\n\t\t\tclass=\"so-widget-sow-editor so-widget-sow-editor-base\"\n\t\t\t\n\t\t><h3 class=\"widget-title\">Egy\u00e9ni v\u00e1llalkoz\u00f3<\/h3>\n<div class=\"siteorigin-widget-tinymce textwidget\">\n\t<p>Lorem ipsum dolor sit amet, consectetur adipiscing elit. Etiam commodo facilisis ante, vel mattis risus suscipit efficitur. Curabitur gravida urna justo, ut pulvinar nisl dictum ac. Praesent porta libero sed nibh iaculis vehicula.<\/p>\n<\/div>\n<\/div><\/div><div id=\"panel-26-0-1-4\" class=\"so-panel widget widget_sow-editor panel-last-child\" data-index=\"8\" ><div\n\t\t\t\n\t\t\tclass=\"so-widget-sow-editor so-widget-sow-editor-base\"\n\t\t\t\n\t\t><h3 class=\"widget-title\">Kft.<\/h3>\n<div class=\"siteorigin-widget-tinymce textwidget\">\n\t<p>Lorem ipsum dolor sit amet, consectetur adipiscing elit. Etiam commodo facilisis ante, vel mattis risus suscipit efficitur. Curabitur gravida urna justo, ut pulvinar nisl dictum ac. Praesent porta libero sed nibh iaculis vehicula.<\/p>\n<\/div>\n<\/div><\/div><\/div><\/div><\/div><div id=\"pg-26-1\"  class=\"panel-grid panel-no-style\" ><div id=\"pgc-26-1-0\"  class=\"panel-grid-cell panel-grid-cell-empty\" ><\/div><\/div><\/div>","protected":false},"excerpt":{"rendered":"<p>Szem\u00e9lyes &nbsp; Lorem ipsum dolor sit amet, consectetur adipiscing elit. Etiam commodo facilisis ante, vel mattis risus suscipit efficitur. Curabitur gravida urna justo, ut pulvinar nisl dictum ac. Praesent porta libero sed nibh iaculis vehicula. Lorem ipsum dolor sit amet, consectetur adipiscing elit. Etiam commodo facilisis ante, vel mattis risus suscipit efficitur. Curabitur gravida urna [&hellip;]<\/p>\n","protected":false},"author":2,"featured_media":155,"parent":0,"menu_order":0,"comment_status":"closed","ping_status":"closed","template":"","meta":[],"_links":{"self":[{"href":"https:\/\/www.talu.hu\/index.php\/wp-json\/wp\/v2\/pages\/26"}],"collection":[{"href":"https:\/\/www.talu.hu\/index.php\/wp-json\/wp\/v2\/pages"}],"about":[{"href":"https:\/\/www.talu.hu\/index.php\/wp-json\/wp\/v2\/types\/page"}],"author":[{"embeddable":true,"href":"https:\/\/www.talu.hu\/index.php\/wp-json\/wp\/v2\/users\/2"}],"replies":[{"embeddable":true,"href":"https:\/\/www.talu.hu\/index.php\/wp-json\/wp\/v2\/comments?post=26"}],"version-history":[{"count":14,"href":"https:\/\/www.talu.hu\/index.php\/wp-json\/wp\/v2\/pages\/26\/revisions"}],"predecessor-version":[{"id":156,"href":"https:\/\/www.talu.hu\/index.php\/wp-json\/wp\/v2\/pages\/26\/revisions\/156"}],"wp:featuredmedia":[{"embeddable":true,"href":"https:\/\/www.talu.hu\/index.php\/wp-json\/wp\/v2\/media\/155"}],"wp:attachment":[{"href":"https:\/\/www.talu.hu\/index.php\/wp-json\/wp\/v2\/media?parent=26"}],"curies":[{"name":"wp","href":"https:\/\/api.w.org\/{rel}","templated":true}]}}